{"id":6236,"date":"2022-10-28T14:02:09","date_gmt":"2022-10-28T14:02:09","guid":{"rendered":"https:\/\/www.investmentmarker.com\/portfolios-2\/commercial-residential\/"},"modified":"2023-06-14T15:55:29","modified_gmt":"2023-06-14T15:55:29","slug":"ticari-gayrimenkul","status":"publish","type":"page","link":"https:\/\/www.investmentmarker.com\/?page_id=6236&lang=tr","title":{"rendered":"Ticari Gayrimenkul"},"content":{"rendered":"<section class=\"wpb-content-wrapper\"><p>[vc_row][vc_column]<style>.portfolio.portfolio-grid[data-style-uid=\"0d27e47\"] .portfolio-item { padding: 21px; }.portfolio.portfolio-grid[data-style-uid=\"0d27e47\"] .row { margin: -21px; }.portfolio.portfolio-grid[data-style-uid=\"0d27e47\"] .portfolio-item .caption { background-color: #ffffff !important; }.portfolio.portfolio-grid[data-style-uid=\"0d27e47\"] .portfolio-item .caption .title span { letter-spacing: px !important; }<\/style> <div data-page=\"1\" data-next-page=\"\"><\/div>[\/vc_column][\/vc_row]<\/p>\n<\/section>","protected":false},"excerpt":{"rendered":"<p>[vc_row][vc_column][\/vc_column][\/vc_row]<\/p>\n","protected":false},"author":2,"featured_media":0,"parent":6234,"menu_order":0,"comment_status":"closed","ping_status":"closed","template":"","meta":{"footnotes":""},"class_list":["post-6236","page","type-page","status-publish"],"yoast_head":"<!-- This site is optimized with the Yoast SEO plugin v20.0 - https:\/\/yoast.com\/wordpress\/plugins\/seo\/ -->\n<title>Ticari Gayrimenkul | Marker Investment<\/title>\n<meta name=\"description\" content=\"Lux Gayrimenkul, arsa ve ticari yat\u0131r\u0131mlar i\u00e7in sitemize davetlisiniz. Hemen projeleri inceleyin ve hemen..\" \/>\n<meta name=\"robots\" content=\"index, follow, max-snippet:-1, max-image-preview:large, max-video-preview:-1\" \/>\n<link rel=\"canonical\" href=\"https:\/\/www.investmentmarker.com\/?page_id=6236&lang=tr\" \/>\n<meta property=\"og:locale\" content=\"en_US\" \/>\n<meta property=\"og:type\" content=\"article\" \/>\n<meta property=\"og:title\" content=\"Ticari Gayrimenkul | Marker Investment\" \/>\n<meta property=\"og:description\" content=\"Lux Gayrimenkul, arsa ve ticari yat\u0131r\u0131mlar i\u00e7in sitemize davetlisiniz. Hemen projeleri inceleyin ve hemen..\" \/>\n<meta property=\"og:url\" content=\"https:\/\/www.investmentmarker.com\/?page_id=6236&amp;lang=tr\" \/>\n<meta property=\"og:site_name\" content=\"Marker Investment\" \/>\n<meta property=\"article:modified_time\" content=\"2023-06-14T15:55:29+00:00\" \/>\n<meta name=\"twitter:card\" content=\"summary_large_image\" \/>\n<meta name=\"twitter:label1\" content=\"Est. reading time\" \/>\n\t<meta name=\"twitter:data1\" content=\"1 minute\" \/>\n<script type=\"application\/ld+json\" class=\"yoast-schema-graph\">{\"@context\":\"https:\/\/schema.org\",\"@graph\":[{\"@type\":\"WebPage\",\"@id\":\"https:\/\/www.investmentmarker.com\/?page_id=6236&lang=tr\",\"url\":\"https:\/\/www.investmentmarker.com\/?page_id=6236&lang=tr\",\"name\":\"Ticari Gayrimenkul | Marker Investment\",\"isPartOf\":{\"@id\":\"https:\/\/www.investmentmarker.com\/#website\"},\"datePublished\":\"2022-10-28T14:02:09+00:00\",\"dateModified\":\"2023-06-14T15:55:29+00:00\",\"description\":\"Lux Gayrimenkul, arsa ve ticari yat\u0131r\u0131mlar i\u00e7in sitemize davetlisiniz. Hemen projeleri inceleyin ve hemen..\",\"breadcrumb\":{\"@id\":\"https:\/\/www.investmentmarker.com\/?page_id=6236&lang=tr#breadcrumb\"},\"inLanguage\":\"en-US\",\"potentialAction\":[{\"@type\":\"ReadAction\",\"target\":[\"https:\/\/www.investmentmarker.com\/?page_id=6236&lang=tr\"]}]},{\"@type\":\"BreadcrumbList\",\"@id\":\"https:\/\/www.investmentmarker.com\/?page_id=6236&lang=tr#breadcrumb\",\"itemListElement\":[{\"@type\":\"ListItem\",\"position\":1,\"name\":\"Anasayfa\",\"item\":\"https:\/\/www.investmentmarker.com\/\"},{\"@type\":\"ListItem\",\"position\":2,\"name\":\"Projeler\",\"item\":\"https:\/\/www.investmentmarker.com\/?page_id=6234&lang=tr\"},{\"@type\":\"ListItem\",\"position\":3,\"name\":\"Ticari Gayrimenkul\"}]},{\"@type\":\"WebSite\",\"@id\":\"https:\/\/www.investmentmarker.com\/#website\",\"url\":\"https:\/\/www.investmentmarker.com\/\",\"name\":\"Marker Investment\",\"description\":\"Investment In The Future\",\"publisher\":{\"@id\":\"https:\/\/www.investmentmarker.com\/#organization\"},\"potentialAction\":[{\"@type\":\"SearchAction\",\"target\":{\"@type\":\"EntryPoint\",\"urlTemplate\":\"https:\/\/www.investmentmarker.com\/?s={search_term_string}\"},\"query-input\":\"required name=search_term_string\"}],\"inLanguage\":\"en-US\"},{\"@type\":\"Organization\",\"@id\":\"https:\/\/www.investmentmarker.com\/#organization\",\"name\":\"Marker Investment\",\"url\":\"https:\/\/www.investmentmarker.com\/\",\"logo\":{\"@type\":\"ImageObject\",\"inLanguage\":\"en-US\",\"@id\":\"https:\/\/www.investmentmarker.com\/#\/schema\/logo\/image\/\",\"url\":\"https:\/\/www.investmentmarker.com\/wp-content\/uploads\/2022\/10\/500.png\",\"contentUrl\":\"https:\/\/www.investmentmarker.com\/wp-content\/uploads\/2022\/10\/500.png\",\"width\":500,\"height\":141,\"caption\":\"Marker Investment\"},\"image\":{\"@id\":\"https:\/\/www.investmentmarker.com\/#\/schema\/logo\/image\/\"}}]}<\/script>\n<!-- \/ Yoast SEO plugin. -->","yoast_head_json":{"title":"Ticari Gayrimenkul | Marker Investment","description":"Lux Gayrimenkul, arsa ve ticari yat\u0131r\u0131mlar i\u00e7in sitemize davetlisiniz. Hemen projeleri inceleyin ve hemen..","robots":{"index":"index","follow":"follow","max-snippet":"max-snippet:-1","max-image-preview":"max-image-preview:large","max-video-preview":"max-video-preview:-1"},"canonical":"https:\/\/www.investmentmarker.com\/?page_id=6236&lang=tr","og_locale":"en_US","og_type":"article","og_title":"Ticari Gayrimenkul | Marker Investment","og_description":"Lux Gayrimenkul, arsa ve ticari yat\u0131r\u0131mlar i\u00e7in sitemize davetlisiniz. Hemen projeleri inceleyin ve hemen..","og_url":"https:\/\/www.investmentmarker.com\/?page_id=6236&lang=tr","og_site_name":"Marker Investment","article_modified_time":"2023-06-14T15:55:29+00:00","twitter_card":"summary_large_image","twitter_misc":{"Est. reading time":"1 minute"},"schema":{"@context":"https:\/\/schema.org","@graph":[{"@type":"WebPage","@id":"https:\/\/www.investmentmarker.com\/?page_id=6236&lang=tr","url":"https:\/\/www.investmentmarker.com\/?page_id=6236&lang=tr","name":"Ticari Gayrimenkul | Marker Investment","isPartOf":{"@id":"https:\/\/www.investmentmarker.com\/#website"},"datePublished":"2022-10-28T14:02:09+00:00","dateModified":"2023-06-14T15:55:29+00:00","description":"Lux Gayrimenkul, arsa ve ticari yat\u0131r\u0131mlar i\u00e7in sitemize davetlisiniz. Hemen projeleri inceleyin ve hemen..","breadcrumb":{"@id":"https:\/\/www.investmentmarker.com\/?page_id=6236&lang=tr#breadcrumb"},"inLanguage":"en-US","potentialAction":[{"@type":"ReadAction","target":["https:\/\/www.investmentmarker.com\/?page_id=6236&lang=tr"]}]},{"@type":"BreadcrumbList","@id":"https:\/\/www.investmentmarker.com\/?page_id=6236&lang=tr#breadcrumb","itemListElement":[{"@type":"ListItem","position":1,"name":"Anasayfa","item":"https:\/\/www.investmentmarker.com\/"},{"@type":"ListItem","position":2,"name":"Projeler","item":"https:\/\/www.investmentmarker.com\/?page_id=6234&lang=tr"},{"@type":"ListItem","position":3,"name":"Ticari Gayrimenkul"}]},{"@type":"WebSite","@id":"https:\/\/www.investmentmarker.com\/#website","url":"https:\/\/www.investmentmarker.com\/","name":"Marker Investment","description":"Investment In The Future","publisher":{"@id":"https:\/\/www.investmentmarker.com\/#organization"},"potentialAction":[{"@type":"SearchAction","target":{"@type":"EntryPoint","urlTemplate":"https:\/\/www.investmentmarker.com\/?s={search_term_string}"},"query-input":"required name=search_term_string"}],"inLanguage":"en-US"},{"@type":"Organization","@id":"https:\/\/www.investmentmarker.com\/#organization","name":"Marker Investment","url":"https:\/\/www.investmentmarker.com\/","logo":{"@type":"ImageObject","inLanguage":"en-US","@id":"https:\/\/www.investmentmarker.com\/#\/schema\/logo\/image\/","url":"https:\/\/www.investmentmarker.com\/wp-content\/uploads\/2022\/10\/500.png","contentUrl":"https:\/\/www.investmentmarker.com\/wp-content\/uploads\/2022\/10\/500.png","width":500,"height":141,"caption":"Marker Investment"},"image":{"@id":"https:\/\/www.investmentmarker.com\/#\/schema\/logo\/image\/"}}]}},"_links":{"self":[{"href":"https:\/\/www.investmentmarker.com\/index.php?rest_route=\/wp\/v2\/pages\/6236","targetHints":{"allow":["GET"]}}],"collection":[{"href":"https:\/\/www.investmentmarker.com\/index.php?rest_route=\/wp\/v2\/pages"}],"about":[{"href":"https:\/\/www.investmentmarker.com\/index.php?rest_route=\/wp\/v2\/types\/page"}],"author":[{"embeddable":true,"href":"https:\/\/www.investmentmarker.com\/index.php?rest_route=\/wp\/v2\/users\/2"}],"replies":[{"embeddable":true,"href":"https:\/\/www.investmentmarker.com\/index.php?rest_route=%2Fwp%2Fv2%2Fcomments&post=6236"}],"version-history":[{"count":2,"href":"https:\/\/www.investmentmarker.com\/index.php?rest_route=\/wp\/v2\/pages\/6236\/revisions"}],"predecessor-version":[{"id":6249,"href":"https:\/\/www.investmentmarker.com\/index.php?rest_route=\/wp\/v2\/pages\/6236\/revisions\/6249"}],"up":[{"embeddable":true,"href":"https:\/\/www.investmentmarker.com\/index.php?rest_route=\/wp\/v2\/pages\/6234"}],"wp:attachment":[{"href":"https:\/\/www.investmentmarker.com\/index.php?rest_route=%2Fwp%2Fv2%2Fmedia&parent=6236"}],"curies":[{"name":"wp","href":"https:\/\/api.w.org\/{rel}","templated":true}]}}