{"id":6235,"date":"2022-10-28T14:02:13","date_gmt":"2022-10-28T14:02:13","guid":{"rendered":"https:\/\/www.investmentmarker.com\/portfolios-2\/lands\/"},"modified":"2023-06-26T08:53:05","modified_gmt":"2023-06-26T08:53:05","slug":"arsalar","status":"publish","type":"page","link":"https:\/\/www.investmentmarker.com\/?page_id=6235&lang=tr","title":{"rendered":"Arsalar"},"content":{"rendered":"<section class=\"wpb-content-wrapper\"><p>[vc_row][vc_column]<style>.portfolio.portfolio-grid[data-style-uid=\"90de2a8\"] .portfolio-item { padding: 21px; }.portfolio.portfolio-grid[data-style-uid=\"90de2a8\"] .row { margin: -21px; }.portfolio.portfolio-grid[data-style-uid=\"90de2a8\"] .portfolio-item .caption { background-color: #ffffff !important; }.portfolio.portfolio-grid[data-style-uid=\"90de2a8\"] .portfolio-item .caption .title span { letter-spacing: px !important; }<\/style> <div class=\"portfolio-preloader-wrapper\"> <div class=\"portfolio portfolio-grid no-padding portfolio-pagination-scroll portfolio-style-justified background-style-dark title-style-light hover-zooming-blur title-on-page hover-elements-size-default caption-position-right loading-animation item-animation-move-up columns-3 disable-isotope next-page-preloading filters-preloading \" data-style-uid=\"90de2a8\" data-portfolio-uid=\"grid_994f368\" data-current-page=\"1\" data-per-page=\"9\" data-next-page=\"0\" data-pages-count=\"1\" data-hover=\"zooming-blur\" data-portfolio-filter=\"\"> <div class=\"portfolio-row-outer \"> <div class=\"row portfolio-row\"> <div class=\"portfolio-set clearfix\" data-max-row-height=\"380\"> <div class=\"portfolio-item arsalar col-md-4 col-xs-4 item-animations-not-inited post-6667 thegem_pf_item type-thegem_pf_item status-publish has-post-thumbnail\" data-default-sort=\"0\" data-sort-date=\"1567086346\"> <div class=\"wrap clearfix\"> <div class=\"image post-6667 thegem_pf_item type-thegem_pf_item status-publish has-post-thumbnail\"> <div class=\"image-inner\"> <picture> <source srcset=\"https:\/\/www.investmentmarker.com\/wp-content\/uploads\/2019\/08\/3.png 1x, https:\/\/www.investmentmarker.com\/wp-content\/uploads\/2019\/08\/3.png 2x\" media=\"(max-width: 550px)\" sizes=\"100vw\"> <source srcset=\"https:\/\/www.investmentmarker.com\/wp-content\/uploads\/2019\/08\/3-thegem-portfolio-justified-3x.png 1x, https:\/\/www.investmentmarker.com\/wp-content\/uploads\/2019\/08\/3.png 2x\" media=\"(max-width: 1920px)\" sizes=\"100vw\"> <img decoding=\"async\" src=\"https:\/\/www.investmentmarker.com\/wp-content\/uploads\/2019\/08\/3.png\" width=\"500\" height=\"500\" class=\"attachment-thegem-portfolio-justified\" alt=\"Tekirda\u011f B\u00f6lgesinde Sat\u0131l\u0131k Arsalar\" \/> <\/picture> <\/div> <div class=\"overlay\"> <div class=\"overlay-circle\"><\/div> <div class=\"links-wrapper\"> <div class=\"links\"> <div class=\"portfolio-icons\"> <a href=\"https:\/\/www.investmentmarker.com\/wp-content\/uploads\/2019\/08\/3.png\" target=\"_self\" class=\"icon full-image fancy\"><i class=\"default\"><\/i><\/a> <a href=\"https:\/\/www.investmentmarker.com\/?thegem_pf_item=tekirdag-bolgesinde-satilik-arsalar&#038;lang=tr\" target=\"_self\" class=\"icon self-link \"><i class=\"default\"><\/i><\/a> <div class=\"overlay-line\"><\/div> <\/div> <\/div> <\/div> <\/div> <\/div> <div class=\"caption post-6667 thegem_pf_item type-thegem_pf_item status-publish has-post-thumbnail\"> <div class=\"title\"> <span class=\" \"> Tekirda\u011f B\u00f6lgesinde Sat\u0131l\u0131k Arsalar <\/span> <\/div> <div class=\"caption-separator\"><\/div> <div class=\"subtitle\"><span class=\"\"><div class=\"proalttitle\">Tekirda\u011f<\/div>\n<div class=\"probtmbox\">\n<div class=\"prorooms\"> <img decoding=\"async\" src=\"https:\/\/www.investmentmarker.com\/wp-content\/uploads\/icons\/oda21.svg\" alt=\"\"><\/p>\n<div class=\"roomtext\"><\/div><\/div>\n<div class=\"proclabel\"> <span class=\"proclabelitem\">Arsalar<\/span> <\/div><\/div>\n<div class=\"probtm\">\n<div class=\"proprice\">150.000 TL- 1.000.000 TL<\/div>\n<p> <a href=\"#\" class=\"proread\">\u015eimdi \u0130ncele<\/a> <\/div>\n<\/span><\/div> <div class=\"info\"> 29 August, 2019 in&nbsp; <a data-slug=\"arsalar\">Arsalar<\/a> <\/div> <\/div> <\/div> <\/div> <\/div><!-- .portflio-set --> <div class=\"portfolio-item-size-container\"> <div class=\"portfolio-item col-md-4 col-xs-4 item-animations-not-inited post-6667 thegem_pf_item type-thegem_pf_item status-publish has-post-thumbnail\"> <\/div> <\/div> <\/div><!-- .row--> <\/div><!-- .full-width --> <\/div><!-- .portfolio--> <\/div><!-- .portfolio-preloader-wrapper-->[\/vc_column][\/vc_row]<\/p>\n<\/section>","protected":false},"excerpt":{"rendered":"<p>[vc_row][vc_column][\/vc_column][\/vc_row]<\/p>\n","protected":false},"author":2,"featured_media":5275,"parent":6234,"menu_order":-1,"comment_status":"closed","ping_status":"closed","template":"","meta":{"footnotes":""},"class_list":["post-6235","page","type-page","status-publish","has-post-thumbnail"],"yoast_head":"<!-- This site is optimized with the Yoast SEO plugin v20.0 - https:\/\/yoast.com\/wordpress\/plugins\/seo\/ -->\n<title>Arsalar | Marker Investment<\/title>\n<meta name=\"description\" content=\"Lux Gayrimenkul, arsa ve ticari yat\u0131r\u0131mlar i\u00e7in sitemize davetlisiniz. Hemen projeleri inceleyin ve bizimle..\" \/>\n<meta name=\"robots\" content=\"index, follow, max-snippet:-1, max-image-preview:large, max-video-preview:-1\" \/>\n<link rel=\"canonical\" href=\"https:\/\/www.investmentmarker.com\/?page_id=6235&lang=tr\" \/>\n<meta property=\"og:locale\" content=\"en_US\" \/>\n<meta property=\"og:type\" content=\"article\" \/>\n<meta property=\"og:title\" content=\"Arsalar | Marker Investment\" \/>\n<meta property=\"og:description\" content=\"Lux Gayrimenkul, arsa ve ticari yat\u0131r\u0131mlar i\u00e7in sitemize davetlisiniz. Hemen projeleri inceleyin ve bizimle..\" \/>\n<meta property=\"og:url\" content=\"https:\/\/www.investmentmarker.com\/?page_id=6235&amp;lang=tr\" \/>\n<meta property=\"og:site_name\" content=\"Marker Investment\" \/>\n<meta property=\"article:modified_time\" content=\"2023-06-26T08:53:05+00:00\" \/>\n<meta property=\"og:image\" content=\"https:\/\/www.investmentmarker.com\/wp-content\/uploads\/2023\/01\/2000x2000.jpg\" \/>\n\t<meta property=\"og:image:width\" content=\"2000\" \/>\n\t<meta property=\"og:image:height\" content=\"2000\" \/>\n\t<meta property=\"og:image:type\" content=\"image\/jpeg\" \/>\n<meta name=\"twitter:card\" content=\"summary_large_image\" \/>\n<meta name=\"twitter:label1\" content=\"Est. reading time\" \/>\n\t<meta name=\"twitter:data1\" content=\"1 minute\" \/>\n<script type=\"application\/ld+json\" class=\"yoast-schema-graph\">{\"@context\":\"https:\/\/schema.org\",\"@graph\":[{\"@type\":\"WebPage\",\"@id\":\"https:\/\/www.investmentmarker.com\/?page_id=6235&lang=tr\",\"url\":\"https:\/\/www.investmentmarker.com\/?page_id=6235&lang=tr\",\"name\":\"Arsalar | Marker Investment\",\"isPartOf\":{\"@id\":\"https:\/\/www.investmentmarker.com\/#website\"},\"datePublished\":\"2022-10-28T14:02:13+00:00\",\"dateModified\":\"2023-06-26T08:53:05+00:00\",\"description\":\"Lux Gayrimenkul, arsa ve ticari yat\u0131r\u0131mlar i\u00e7in sitemize davetlisiniz. Hemen projeleri inceleyin ve bizimle..\",\"breadcrumb\":{\"@id\":\"https:\/\/www.investmentmarker.com\/?page_id=6235&lang=tr#breadcrumb\"},\"inLanguage\":\"en-US\",\"potentialAction\":[{\"@type\":\"ReadAction\",\"target\":[\"https:\/\/www.investmentmarker.com\/?page_id=6235&lang=tr\"]}]},{\"@type\":\"BreadcrumbList\",\"@id\":\"https:\/\/www.investmentmarker.com\/?page_id=6235&lang=tr#breadcrumb\",\"itemListElement\":[{\"@type\":\"ListItem\",\"position\":1,\"name\":\"Anasayfa\",\"item\":\"https:\/\/www.investmentmarker.com\/\"},{\"@type\":\"ListItem\",\"position\":2,\"name\":\"Projeler\",\"item\":\"https:\/\/www.investmentmarker.com\/?page_id=6234&lang=tr\"},{\"@type\":\"ListItem\",\"position\":3,\"name\":\"Arsalar\"}]},{\"@type\":\"WebSite\",\"@id\":\"https:\/\/www.investmentmarker.com\/#website\",\"url\":\"https:\/\/www.investmentmarker.com\/\",\"name\":\"Marker Investment\",\"description\":\"Investment In The Future\",\"publisher\":{\"@id\":\"https:\/\/www.investmentmarker.com\/#organization\"},\"potentialAction\":[{\"@type\":\"SearchAction\",\"target\":{\"@type\":\"EntryPoint\",\"urlTemplate\":\"https:\/\/www.investmentmarker.com\/?s={search_term_string}\"},\"query-input\":\"required name=search_term_string\"}],\"inLanguage\":\"en-US\"},{\"@type\":\"Organization\",\"@id\":\"https:\/\/www.investmentmarker.com\/#organization\",\"name\":\"Marker Investment\",\"url\":\"https:\/\/www.investmentmarker.com\/\",\"logo\":{\"@type\":\"ImageObject\",\"inLanguage\":\"en-US\",\"@id\":\"https:\/\/www.investmentmarker.com\/#\/schema\/logo\/image\/\",\"url\":\"https:\/\/www.investmentmarker.com\/wp-content\/uploads\/2022\/10\/500.png\",\"contentUrl\":\"https:\/\/www.investmentmarker.com\/wp-content\/uploads\/2022\/10\/500.png\",\"width\":500,\"height\":141,\"caption\":\"Marker Investment\"},\"image\":{\"@id\":\"https:\/\/www.investmentmarker.com\/#\/schema\/logo\/image\/\"}}]}<\/script>\n<!-- \/ Yoast SEO plugin. -->","yoast_head_json":{"title":"Arsalar | Marker Investment","description":"Lux Gayrimenkul, arsa ve ticari yat\u0131r\u0131mlar i\u00e7in sitemize davetlisiniz. Hemen projeleri inceleyin ve bizimle..","robots":{"index":"index","follow":"follow","max-snippet":"max-snippet:-1","max-image-preview":"max-image-preview:large","max-video-preview":"max-video-preview:-1"},"canonical":"https:\/\/www.investmentmarker.com\/?page_id=6235&lang=tr","og_locale":"en_US","og_type":"article","og_title":"Arsalar | Marker Investment","og_description":"Lux Gayrimenkul, arsa ve ticari yat\u0131r\u0131mlar i\u00e7in sitemize davetlisiniz. Hemen projeleri inceleyin ve bizimle..","og_url":"https:\/\/www.investmentmarker.com\/?page_id=6235&lang=tr","og_site_name":"Marker Investment","article_modified_time":"2023-06-26T08:53:05+00:00","og_image":[{"width":2000,"height":2000,"url":"https:\/\/www.investmentmarker.com\/wp-content\/uploads\/2023\/01\/2000x2000.jpg","type":"image\/jpeg"}],"twitter_card":"summary_large_image","twitter_misc":{"Est. reading time":"1 minute"},"schema":{"@context":"https:\/\/schema.org","@graph":[{"@type":"WebPage","@id":"https:\/\/www.investmentmarker.com\/?page_id=6235&lang=tr","url":"https:\/\/www.investmentmarker.com\/?page_id=6235&lang=tr","name":"Arsalar | Marker Investment","isPartOf":{"@id":"https:\/\/www.investmentmarker.com\/#website"},"datePublished":"2022-10-28T14:02:13+00:00","dateModified":"2023-06-26T08:53:05+00:00","description":"Lux Gayrimenkul, arsa ve ticari yat\u0131r\u0131mlar i\u00e7in sitemize davetlisiniz. Hemen projeleri inceleyin ve bizimle..","breadcrumb":{"@id":"https:\/\/www.investmentmarker.com\/?page_id=6235&lang=tr#breadcrumb"},"inLanguage":"en-US","potentialAction":[{"@type":"ReadAction","target":["https:\/\/www.investmentmarker.com\/?page_id=6235&lang=tr"]}]},{"@type":"BreadcrumbList","@id":"https:\/\/www.investmentmarker.com\/?page_id=6235&lang=tr#breadcrumb","itemListElement":[{"@type":"ListItem","position":1,"name":"Anasayfa","item":"https:\/\/www.investmentmarker.com\/"},{"@type":"ListItem","position":2,"name":"Projeler","item":"https:\/\/www.investmentmarker.com\/?page_id=6234&lang=tr"},{"@type":"ListItem","position":3,"name":"Arsalar"}]},{"@type":"WebSite","@id":"https:\/\/www.investmentmarker.com\/#website","url":"https:\/\/www.investmentmarker.com\/","name":"Marker Investment","description":"Investment In The Future","publisher":{"@id":"https:\/\/www.investmentmarker.com\/#organization"},"potentialAction":[{"@type":"SearchAction","target":{"@type":"EntryPoint","urlTemplate":"https:\/\/www.investmentmarker.com\/?s={search_term_string}"},"query-input":"required name=search_term_string"}],"inLanguage":"en-US"},{"@type":"Organization","@id":"https:\/\/www.investmentmarker.com\/#organization","name":"Marker Investment","url":"https:\/\/www.investmentmarker.com\/","logo":{"@type":"ImageObject","inLanguage":"en-US","@id":"https:\/\/www.investmentmarker.com\/#\/schema\/logo\/image\/","url":"https:\/\/www.investmentmarker.com\/wp-content\/uploads\/2022\/10\/500.png","contentUrl":"https:\/\/www.investmentmarker.com\/wp-content\/uploads\/2022\/10\/500.png","width":500,"height":141,"caption":"Marker Investment"},"image":{"@id":"https:\/\/www.investmentmarker.com\/#\/schema\/logo\/image\/"}}]}},"_links":{"self":[{"href":"https:\/\/www.investmentmarker.com\/index.php?rest_route=\/wp\/v2\/pages\/6235","targetHints":{"allow":["GET"]}}],"collection":[{"href":"https:\/\/www.investmentmarker.com\/index.php?rest_route=\/wp\/v2\/pages"}],"about":[{"href":"https:\/\/www.investmentmarker.com\/index.php?rest_route=\/wp\/v2\/types\/page"}],"author":[{"embeddable":true,"href":"https:\/\/www.investmentmarker.com\/index.php?rest_route=\/wp\/v2\/users\/2"}],"replies":[{"embeddable":true,"href":"https:\/\/www.investmentmarker.com\/index.php?rest_route=%2Fwp%2Fv2%2Fcomments&post=6235"}],"version-history":[{"count":5,"href":"https:\/\/www.investmentmarker.com\/index.php?rest_route=\/wp\/v2\/pages\/6235\/revisions"}],"predecessor-version":[{"id":6701,"href":"https:\/\/www.investmentmarker.com\/index.php?rest_route=\/wp\/v2\/pages\/6235\/revisions\/6701"}],"up":[{"embeddable":true,"href":"https:\/\/www.investmentmarker.com\/index.php?rest_route=\/wp\/v2\/pages\/6234"}],"wp:featuredmedia":[{"embeddable":true,"href":"https:\/\/www.investmentmarker.com\/index.php?rest_route=\/wp\/v2\/media\/5275"}],"wp:attachment":[{"href":"https:\/\/www.investmentmarker.com\/index.php?rest_route=%2Fwp%2Fv2%2Fmedia&parent=6235"}],"curies":[{"name":"wp","href":"https:\/\/api.w.org\/{rel}","templated":true}]}}