{"id":6226,"date":"2023-01-07T07:22:05","date_gmt":"2023-01-07T07:22:05","guid":{"rendered":"https:\/\/www.investmentmarker.com\/corporate\/why-marker-2\/"},"modified":"2023-06-26T08:04:27","modified_gmt":"2023-06-26T08:04:27","slug":"neden-marker","status":"publish","type":"page","link":"https:\/\/www.investmentmarker.com\/?page_id=6226&lang=tr","title":{"rendered":"Neden Marker?"},"content":{"rendered":"<section class=\"wpb-content-wrapper\"><p>[vc_row css=&#8221;.vc_custom_1673646474204{margin-top: -95px !important;}&#8221;][vc_column width=&#8221;1\/2&#8243; css=&#8221;.vc_custom_1674720861008{padding-top: 100px !important;}&#8221;][vc_custom_heading text=&#8221;Neden Marker?&#8221; font_container=&#8221;tag:h1|font_size:28|text_align:center&#8221; google_fonts=&#8221;font_family:Montserrat%3Aregular%2Citalic|font_style:700%20regular%3A700%3Anormal&#8221;][vc_column_text]T\u00fcrkiye&#8217;de gayrimenkul sekt\u00f6r\u00fcnde, arad\u0131\u011f\u0131n\u0131z do\u011fru m\u00fclk\u00fc bulman\u0131za yard\u0131mc\u0131 olabilecek deneyimli ve kendini i\u015fine adam\u0131\u015f profesyonellerden olu\u015fan bir ekibimiz var.<\/p>\n<p>Size her dilde yard\u0131mc\u0131 olabilecek ya\u015fam tarz\u0131n\u0131za ve b\u00fct\u00e7enize en uygun yat\u0131r\u0131m se\u00e7eneklerini sunarak ihtiya\u00e7lar\u0131n\u0131z\u0131 hassasiyetle dinliyoruz. T\u00fcm yasal takip s\u00fcre\u00e7lerinden tapu teslimine kadar bir\u00e7ok i\u015flemi uzman ekibimizle ger\u00e7ekle\u015ftiriyoruz.<\/p>\n<p>Sat\u0131n alma ve sat\u0131\u015f sonras\u0131 s\u00fcre\u00e7 boyunca g\u00fcvenilir rehberlik sa\u011fl\u0131yoruz. Sizi tan\u0131mak ve T\u00fcrkiye&#8217;deki yat\u0131r\u0131mlar\u0131n\u0131za y\u00f6n vermek i\u00e7in sab\u0131rs\u0131zlan\u0131yoruz.[\/vc_column_text][\/vc_column][vc_column width=&#8221;1\/2&#8243;][vc_single_image image=&#8221;6655&#8243; img_size=&#8221;600&#215;600&#8243; alignment=&#8221;center&#8221;][\/vc_column][\/vc_row]<\/p>\n<\/section>","protected":false},"excerpt":{"rendered":"<p>[vc_row css=&#8221;.vc_custom_1673646474204{margin-top: -95px !important;}&#8221;][vc_column width=&#8221;1\/2&#8243; css=&#8221;.vc_custom_1674720861008{padding-top: 100px !important;}&#8221;][vc_custom_heading text=&#8221;Neden Marker?&#8221; font_container=&#8221;tag:h1|font_size:28|text_align:center&#8221; google_fonts=&#8221;font_family:Montserrat%3Aregular%2Citalic|font_style:700%20regular%3A700%3Anormal&#8221;][vc_column_text]T\u00fcrkiye&#8217;de gayrimenkul sekt\u00f6r\u00fcnde, arad\u0131\u011f\u0131n\u0131z do\u011fru m\u00fclk\u00fc bulman\u0131za yard\u0131mc\u0131 olabilecek&#8230;<\/p>\n","protected":false},"author":2,"featured_media":5275,"parent":0,"menu_order":0,"comment_status":"closed","ping_status":"closed","template":"","meta":{"footnotes":""},"class_list":["post-6226","page","type-page","status-publish","has-post-thumbnail"],"yoast_head":"<!-- This site is optimized with the Yoast SEO plugin v20.0 - https:\/\/yoast.com\/wordpress\/plugins\/seo\/ -->\n<title>Neden Marker? | Marker Investment<\/title>\n<meta name=\"description\" content=\"T\u00fcrkiye&#039;de gayrimenkul sekt\u00f6r\u00fcnde, arad\u0131\u011f\u0131n\u0131z do\u011fru m\u00fclk\u00fc bulman\u0131za yard\u0131mc\u0131 olabilecek deneyimli ve kendini i\u015fine..\" \/>\n<meta name=\"robots\" content=\"index, follow, max-snippet:-1, max-image-preview:large, max-video-preview:-1\" \/>\n<link rel=\"canonical\" href=\"https:\/\/www.investmentmarker.com\/?page_id=6226&lang=tr\" \/>\n<meta property=\"og:locale\" content=\"en_US\" \/>\n<meta property=\"og:type\" content=\"article\" \/>\n<meta property=\"og:title\" content=\"Neden Marker? | Marker Investment\" \/>\n<meta property=\"og:description\" content=\"T\u00fcrkiye&#039;de gayrimenkul sekt\u00f6r\u00fcnde, arad\u0131\u011f\u0131n\u0131z do\u011fru m\u00fclk\u00fc bulman\u0131za yard\u0131mc\u0131 olabilecek deneyimli ve kendini i\u015fine..\" \/>\n<meta property=\"og:url\" content=\"https:\/\/www.investmentmarker.com\/?page_id=6226&amp;lang=tr\" \/>\n<meta property=\"og:site_name\" content=\"Marker Investment\" \/>\n<meta property=\"article:modified_time\" content=\"2023-06-26T08:04:27+00:00\" \/>\n<meta property=\"og:image\" content=\"https:\/\/www.investmentmarker.com\/wp-content\/uploads\/2023\/01\/2000x2000.jpg\" \/>\n\t<meta property=\"og:image:width\" content=\"2000\" \/>\n\t<meta property=\"og:image:height\" content=\"2000\" \/>\n\t<meta property=\"og:image:type\" content=\"image\/jpeg\" \/>\n<meta name=\"twitter:card\" content=\"summary_large_image\" \/>\n<meta name=\"twitter:label1\" content=\"Est. reading time\" \/>\n\t<meta name=\"twitter:data1\" content=\"1 minute\" \/>\n<script type=\"application\/ld+json\" class=\"yoast-schema-graph\">{\"@context\":\"https:\/\/schema.org\",\"@graph\":[{\"@type\":\"WebPage\",\"@id\":\"https:\/\/www.investmentmarker.com\/?page_id=6226&lang=tr\",\"url\":\"https:\/\/www.investmentmarker.com\/?page_id=6226&lang=tr\",\"name\":\"Neden Marker? | Marker Investment\",\"isPartOf\":{\"@id\":\"https:\/\/www.investmentmarker.com\/#website\"},\"datePublished\":\"2023-01-07T07:22:05+00:00\",\"dateModified\":\"2023-06-26T08:04:27+00:00\",\"description\":\"T\u00fcrkiye'de gayrimenkul sekt\u00f6r\u00fcnde, arad\u0131\u011f\u0131n\u0131z do\u011fru m\u00fclk\u00fc bulman\u0131za yard\u0131mc\u0131 olabilecek deneyimli ve kendini i\u015fine..\",\"breadcrumb\":{\"@id\":\"https:\/\/www.investmentmarker.com\/?page_id=6226&lang=tr#breadcrumb\"},\"inLanguage\":\"en-US\",\"potentialAction\":[{\"@type\":\"ReadAction\",\"target\":[\"https:\/\/www.investmentmarker.com\/?page_id=6226&lang=tr\"]}]},{\"@type\":\"BreadcrumbList\",\"@id\":\"https:\/\/www.investmentmarker.com\/?page_id=6226&lang=tr#breadcrumb\",\"itemListElement\":[{\"@type\":\"ListItem\",\"position\":1,\"name\":\"Anasayfa\",\"item\":\"https:\/\/www.investmentmarker.com\/\"},{\"@type\":\"ListItem\",\"position\":2,\"name\":\"Neden Marker?\"}]},{\"@type\":\"WebSite\",\"@id\":\"https:\/\/www.investmentmarker.com\/#website\",\"url\":\"https:\/\/www.investmentmarker.com\/\",\"name\":\"Marker Investment\",\"description\":\"Investment In The Future\",\"publisher\":{\"@id\":\"https:\/\/www.investmentmarker.com\/#organization\"},\"potentialAction\":[{\"@type\":\"SearchAction\",\"target\":{\"@type\":\"EntryPoint\",\"urlTemplate\":\"https:\/\/www.investmentmarker.com\/?s={search_term_string}\"},\"query-input\":\"required name=search_term_string\"}],\"inLanguage\":\"en-US\"},{\"@type\":\"Organization\",\"@id\":\"https:\/\/www.investmentmarker.com\/#organization\",\"name\":\"Marker Investment\",\"url\":\"https:\/\/www.investmentmarker.com\/\",\"logo\":{\"@type\":\"ImageObject\",\"inLanguage\":\"en-US\",\"@id\":\"https:\/\/www.investmentmarker.com\/#\/schema\/logo\/image\/\",\"url\":\"https:\/\/www.investmentmarker.com\/wp-content\/uploads\/2022\/10\/500.png\",\"contentUrl\":\"https:\/\/www.investmentmarker.com\/wp-content\/uploads\/2022\/10\/500.png\",\"width\":500,\"height\":141,\"caption\":\"Marker Investment\"},\"image\":{\"@id\":\"https:\/\/www.investmentmarker.com\/#\/schema\/logo\/image\/\"}}]}<\/script>\n<!-- \/ Yoast SEO plugin. -->","yoast_head_json":{"title":"Neden Marker? | Marker Investment","description":"T\u00fcrkiye'de gayrimenkul sekt\u00f6r\u00fcnde, arad\u0131\u011f\u0131n\u0131z do\u011fru m\u00fclk\u00fc bulman\u0131za yard\u0131mc\u0131 olabilecek deneyimli ve kendini i\u015fine..","robots":{"index":"index","follow":"follow","max-snippet":"max-snippet:-1","max-image-preview":"max-image-preview:large","max-video-preview":"max-video-preview:-1"},"canonical":"https:\/\/www.investmentmarker.com\/?page_id=6226&lang=tr","og_locale":"en_US","og_type":"article","og_title":"Neden Marker? | Marker Investment","og_description":"T\u00fcrkiye'de gayrimenkul sekt\u00f6r\u00fcnde, arad\u0131\u011f\u0131n\u0131z do\u011fru m\u00fclk\u00fc bulman\u0131za yard\u0131mc\u0131 olabilecek deneyimli ve kendini i\u015fine..","og_url":"https:\/\/www.investmentmarker.com\/?page_id=6226&lang=tr","og_site_name":"Marker Investment","article_modified_time":"2023-06-26T08:04:27+00:00","og_image":[{"width":2000,"height":2000,"url":"https:\/\/www.investmentmarker.com\/wp-content\/uploads\/2023\/01\/2000x2000.jpg","type":"image\/jpeg"}],"twitter_card":"summary_large_image","twitter_misc":{"Est. reading time":"1 minute"},"schema":{"@context":"https:\/\/schema.org","@graph":[{"@type":"WebPage","@id":"https:\/\/www.investmentmarker.com\/?page_id=6226&lang=tr","url":"https:\/\/www.investmentmarker.com\/?page_id=6226&lang=tr","name":"Neden Marker? | Marker Investment","isPartOf":{"@id":"https:\/\/www.investmentmarker.com\/#website"},"datePublished":"2023-01-07T07:22:05+00:00","dateModified":"2023-06-26T08:04:27+00:00","description":"T\u00fcrkiye'de gayrimenkul sekt\u00f6r\u00fcnde, arad\u0131\u011f\u0131n\u0131z do\u011fru m\u00fclk\u00fc bulman\u0131za yard\u0131mc\u0131 olabilecek deneyimli ve kendini i\u015fine..","breadcrumb":{"@id":"https:\/\/www.investmentmarker.com\/?page_id=6226&lang=tr#breadcrumb"},"inLanguage":"en-US","potentialAction":[{"@type":"ReadAction","target":["https:\/\/www.investmentmarker.com\/?page_id=6226&lang=tr"]}]},{"@type":"BreadcrumbList","@id":"https:\/\/www.investmentmarker.com\/?page_id=6226&lang=tr#breadcrumb","itemListElement":[{"@type":"ListItem","position":1,"name":"Anasayfa","item":"https:\/\/www.investmentmarker.com\/"},{"@type":"ListItem","position":2,"name":"Neden Marker?"}]},{"@type":"WebSite","@id":"https:\/\/www.investmentmarker.com\/#website","url":"https:\/\/www.investmentmarker.com\/","name":"Marker Investment","description":"Investment In The Future","publisher":{"@id":"https:\/\/www.investmentmarker.com\/#organization"},"potentialAction":[{"@type":"SearchAction","target":{"@type":"EntryPoint","urlTemplate":"https:\/\/www.investmentmarker.com\/?s={search_term_string}"},"query-input":"required name=search_term_string"}],"inLanguage":"en-US"},{"@type":"Organization","@id":"https:\/\/www.investmentmarker.com\/#organization","name":"Marker Investment","url":"https:\/\/www.investmentmarker.com\/","logo":{"@type":"ImageObject","inLanguage":"en-US","@id":"https:\/\/www.investmentmarker.com\/#\/schema\/logo\/image\/","url":"https:\/\/www.investmentmarker.com\/wp-content\/uploads\/2022\/10\/500.png","contentUrl":"https:\/\/www.investmentmarker.com\/wp-content\/uploads\/2022\/10\/500.png","width":500,"height":141,"caption":"Marker Investment"},"image":{"@id":"https:\/\/www.investmentmarker.com\/#\/schema\/logo\/image\/"}}]}},"_links":{"self":[{"href":"https:\/\/www.investmentmarker.com\/index.php?rest_route=\/wp\/v2\/pages\/6226","targetHints":{"allow":["GET"]}}],"collection":[{"href":"https:\/\/www.investmentmarker.com\/index.php?rest_route=\/wp\/v2\/pages"}],"about":[{"href":"https:\/\/www.investmentmarker.com\/index.php?rest_route=\/wp\/v2\/types\/page"}],"author":[{"embeddable":true,"href":"https:\/\/www.investmentmarker.com\/index.php?rest_route=\/wp\/v2\/users\/2"}],"replies":[{"embeddable":true,"href":"https:\/\/www.investmentmarker.com\/index.php?rest_route=%2Fwp%2Fv2%2Fcomments&post=6226"}],"version-history":[{"count":4,"href":"https:\/\/www.investmentmarker.com\/index.php?rest_route=\/wp\/v2\/pages\/6226\/revisions"}],"predecessor-version":[{"id":6656,"href":"https:\/\/www.investmentmarker.com\/index.php?rest_route=\/wp\/v2\/pages\/6226\/revisions\/6656"}],"wp:featuredmedia":[{"embeddable":true,"href":"https:\/\/www.investmentmarker.com\/index.php?rest_route=\/wp\/v2\/media\/5275"}],"wp:attachment":[{"href":"https:\/\/www.investmentmarker.com\/index.php?rest_route=%2Fwp%2Fv2%2Fmedia&parent=6226"}],"curies":[{"name":"wp","href":"https:\/\/api.w.org\/{rel}","templated":true}]}}