{"id":6221,"date":"2023-01-07T07:22:39","date_gmt":"2023-01-07T07:22:39","guid":{"rendered":"https:\/\/www.investmentmarker.com\/corporate\/career-2\/"},"modified":"2023-06-21T19:35:07","modified_gmt":"2023-06-21T19:35:07","slug":"kariyer","status":"publish","type":"page","link":"https:\/\/www.investmentmarker.com\/?page_id=6221&lang=tr","title":{"rendered":"Kariyer"},"content":{"rendered":"<section class=\"wpb-content-wrapper\"><p>[vc_row gap=&#8221;30&#8243; bg_type=&#8221;grad&#8221; bg_override=&#8221;3&#8243; bg_grad=&#8221;background: -webkit-gradient(linear, left top, left bottom, color-stop(0%, #0D0D0D));background: -moz-linear-gradient(top,#0D0D0D 0%);background: -webkit-linear-gradient(top,#0D0D0D 0%);background: -o-linear-gradient(top,#0D0D0D 0%);background: -ms-linear-gradient(top,#0D0D0D 0%);background: linear-gradient(top,#0D0D0D 0%);&#8221; css=&#8221;.vc_custom_1673977753408{margin-top: -55px !important;}&#8221;][vc_column width=&#8221;1\/2&#8243; thegem_shadow_color=&#8221;rgba(0,0,0,0.15)&#8221; thegem_shaow_horizontal=&#8221;4&#8243; thegem_shaow_vertical=&#8221;2&#8243; thegem_shaow_blur=&#8221;17&#8243; thegem_shaow_spread=&#8221;6&#8243; background_position_desktop=&#8221;center top&#8221; thegem_enable_shadow=&#8221;true&#8221; css=&#8221;.vc_custom_1673644492634{border-radius: 4px !important;}&#8221; z_index=&#8221;5&#8243;][vc_custom_heading text=&#8221;Marker Investment&#8217;a Kat\u0131l&#8221; font_container=&#8221;tag:h1|font_size:34|text_align:left|color:%23303030|line_height:1.2&#8243; google_fonts=&#8221;font_family:Montserrat%3Aregular%2Citalic|font_style:700%20regular%3A700%3Anormal&#8221;][vc_column_text]L\u00fcks gayrimenkul pazarlama konusunda iddial\u0131ysan\u0131z, Marker Investment ekibine kat\u0131lmak i\u00e7in bize \u00f6zge\u00e7mi\u015finizi g\u00f6nderin.[\/vc_column_text]\n<div class=\"wpcf7 no-js\" id=\"wpcf7-f6219-o1\" lang=\"en-US\" dir=\"ltr\">\n<div class=\"screen-reader-response\"><p role=\"status\" aria-live=\"polite\" aria-atomic=\"true\"><\/p> <ul><\/ul><\/div>\n<form action=\"\/index.php?rest_route=%2Fwp%2Fv2%2Fpages%2F6221#wpcf7-f6219-o1\" method=\"post\" class=\"wpcf7-form init gem-contact-form-white gem-contact-form-simple-line\" aria-label=\"Contact form\" enctype=\"multipart\/form-data\" novalidate=\"novalidate\" data-status=\"init\">\n<div style=\"display: none;\">\n<input type=\"hidden\" name=\"_wpcf7\" value=\"6219\" \/>\n<input type=\"hidden\" name=\"_wpcf7_version\" value=\"5.7.3\" \/>\n<input type=\"hidden\" name=\"_wpcf7_locale\" value=\"en_US\" \/>\n<input type=\"hidden\" name=\"_wpcf7_unit_tag\" value=\"wpcf7-f6219-o1\" \/>\n<input type=\"hidden\" name=\"_wpcf7_container_post\" value=\"0\" \/>\n<input type=\"hidden\" name=\"_wpcf7_posted_data_hash\" value=\"\" \/>\n<\/div>\n<p><label> Ad Soyad<br \/>\n<span class=\"wpcf7-form-control-wrap\" data-name=\"your-name\"><input size=\"40\" class=\"wpcf7-form-control wpcf7-text wpcf7-validates-as-required\" aria-required=\"true\" aria-invalid=\"false\" value=\"\" type=\"text\" name=\"your-name\" \/><\/span> <\/label>\n<\/p>\n<p><label> Email<br \/>\n<span class=\"wpcf7-form-control-wrap\" data-name=\"your-email\"><input size=\"40\" class=\"wpcf7-form-control wpcf7-text wpcf7-email wpcf7-validates-as-required wpcf7-validates-as-email\" aria-required=\"true\" aria-invalid=\"false\" value=\"\" type=\"email\" name=\"your-email\" \/><\/span> <\/label>\n<\/p>\n<p><label> Konu<br \/>\n<span class=\"wpcf7-form-control-wrap\" data-name=\"your-subject\"><input size=\"40\" class=\"wpcf7-form-control wpcf7-text wpcf7-validates-as-required\" aria-required=\"true\" aria-invalid=\"false\" value=\"\" type=\"text\" name=\"your-subject\" \/><\/span> <\/label>\n<\/p>\n<p><label> Mesaj (optional)<br \/>\n<span class=\"wpcf7-form-control-wrap\" data-name=\"your-message\"><textarea cols=\"40\" rows=\"2\" class=\"wpcf7-form-control wpcf7-textarea\" aria-invalid=\"false\" name=\"your-message\"><\/textarea><\/span> <\/label>\n<\/p>\n<p><label> CV y\u00fckleyin (optional)<br \/>\n<span class=\"wpcf7-form-control-wrap\" data-name=\"file-620\"><input size=\"40\" class=\"wpcf7-form-control wpcf7-file\" accept=\"audio\/*,video\/*,image\/*\" aria-invalid=\"false\" type=\"file\" name=\"file-620\" \/><\/span> <\/label>\n<\/p>\n<p><label><br \/>\n<span class=\"wpcf7-form-control-wrap\" data-name=\"acceptance-545\"><span class=\"wpcf7-form-control wpcf7-acceptance\"><span class=\"wpcf7-list-item\"><label><input type=\"checkbox\" name=\"acceptance-545\" value=\"1\" aria-invalid=\"false\" \/><span class=\"wpcf7-list-item-label\">Verilerimin <a href=\"https:\/\/www.investmentmarker.com\/tr\/gizlilik-politikasi\/\">gizlilik politikas\u0131na<\/a> g\u00f6re kullan\u0131lmas\u0131n\u0131 kabul ediyorum.<\/span><\/label><\/span><\/span><\/span><\/label><br \/>\n<label><br \/>\n<div id=\"cf7sr-69f0cbe157703\" class=\"cf7sr-g-recaptcha\" data-sitekey=\"6LffowwsAAAAAAb5TBauegy-6sgjPHttlAZg5IJN\"><\/div><span class=\"wpcf7-form-control-wrap cf7sr-recaptcha\" data-name=\"cf7sr-recaptcha\"><input type=\"hidden\" name=\"cf7sr-recaptcha\" value=\"\" class=\"wpcf7-form-control\"><\/span><\/label>\n<\/p>\n<div class=\"gem-button-container gem-button-position-fullwidth thegem-button-69f0cbe15737c6969\"  ><input class=\"gem-button gem-button-size-medium gem-button-style-flat gem-button-text-weight-normal wpcf7-form-control has-spinner wpcf7-submit gem-button-wpcf-custom\" data-ll-effect=\"drop-right-without-wrap\" style=\"border-radius: 3px;background-color: #00bcd4;color: #ffffff;\" onmouseleave=\"this.style.backgroundColor='#00bcd4';this.style.color='#ffffff';\" onmouseenter=\"this.style.backgroundColor='#3c3950';this.style.color='#ffffff';\" id=\"\" tabindex=\"\" type=\"submit\" value=\"Ba\u015fvuruyu Tamamla\" \/><\/div><div class=\"wpcf7-response-output\" aria-hidden=\"true\"><\/div>\n<\/form>\n<\/div>\n[\/vc_column][vc_column width=&#8221;1\/2&#8243; css=&#8221;.vc_custom_1673645441810{margin-top: -35px !important;}&#8221;][vc_row_inner][vc_column_inner thegem_shadow_color=&#8221;rgba(0,0,0,0.15)&#8221; thegem_shaow_horizontal=&#8221;12&#8243; thegem_shaow_blur=&#8221;17&#8243; thegem_shaow_spread=&#8221;6&#8243; thegem_enable_shadow=&#8221;true&#8221;]<div class=\"aio-icon-component  vc_custom_1673785803087   style_2\"><div id=\"Info-box-wrap-5550\" class=\"aio-icon-box default-icon\" style=\"\"  ><div class=\"aio-icon-default\"><div class=\"ult-just-icon-wrapper  \"><div class=\"align-icon\" style=\"text-align:center;\">\n<div class=\"aio-icon none \"  style=\"color:#333;font-size:32px;display:inline-block;\">\n\t<i class=\"Defaults-envelope-o\"><\/i>\n<\/div><\/div><\/div><\/div><div class=\"aio-icon-header\" ><h3 class=\"aio-icon-title ult-responsive\"  data-ultimate-target='#Info-box-wrap-5550 .aio-icon-title'  data-responsive-json-new='{\"font-size\":\"desktop:25px;\",\"line-height\":\"desktop:2px;\"}'  style=\"\">Email<\/h3><\/div> <!-- header --><div class=\"aio-icon-description ult-responsive\"  data-ultimate-target='#Info-box-wrap-5550 .aio-icon-description'  data-responsive-json-new='{\"font-size\":\"desktop:20px;\",\"line-height\":\"desktop:2px;\"}'  style=\"color:#0a0a0a;\">info@investmentmarker.com<\/div> <!-- description --><\/div> <!-- aio-icon-box --><\/div> <!-- aio-icon-component -->[\/vc_column_inner][\/vc_row_inner][vc_row_inner css=&#8221;.vc_custom_1673645496355{margin-top: 85px !important;}&#8221;][vc_column_inner thegem_shadow_color=&#8221;rgba(0,0,0,0.15)&#8221; thegem_shaow_horizontal=&#8221;12&#8243; thegem_shaow_blur=&#8221;17&#8243; thegem_shaow_spread=&#8221;6&#8243; thegem_enable_shadow=&#8221;true&#8221;]<div class=\"aio-icon-component  vc_custom_1686756642964  fgh style_2\"><div id=\"Info-box-wrap-1403\" class=\"aio-icon-box default-icon\" style=\"\"  ><div class=\"aio-icon-default\"><div class=\"ult-just-icon-wrapper  \"><div class=\"align-icon\" style=\"text-align:center;\">\n<div class=\"aio-icon none \"  style=\"color:#333;font-size:32px;display:inline-block;\">\n\t<i class=\"Defaults-map-marker\"><\/i>\n<\/div><\/div><\/div><\/div><div class=\"aio-icon-header\" ><h3 class=\"aio-icon-title ult-responsive\"  data-ultimate-target='#Info-box-wrap-1403 .aio-icon-title'  data-responsive-json-new='{\"font-size\":\"desktop:25px;\",\"line-height\":\"desktop:20px;tablet:20px;tablet_portrait:20px;mobile_landscape:20px;mobile:20px;\"}'  style=\"\">Adres<\/h3><\/div> <!-- header --><div class=\"aio-icon-description ult-responsive\"  data-ultimate-target='#Info-box-wrap-1403 .aio-icon-description'  data-responsive-json-new='{\"font-size\":\"desktop:20px;\",\"line-height\":\"desktop:20px;tablet:20px;tablet_portrait:20px;mobile_landscape:20px;mobile:20px;\"}'  style=\"color:#0a0a0a;\">Evliya Celebi, Sadi Konuralp Cd. 5\/2, 34433 Beyoglu Istanbul \/ Turkiye<\/div> <!-- description --><\/div> <!-- aio-icon-box --><\/div> <!-- aio-icon-component -->[\/vc_column_inner][\/vc_row_inner][\/vc_column][\/vc_row]<\/p>\n<\/section>","protected":false},"excerpt":{"rendered":"<p>[vc_row gap=&#8221;30&#8243; bg_type=&#8221;grad&#8221; bg_override=&#8221;3&#8243; bg_grad=&#8221;background: -webkit-gradient(linear, left top, left bottom, color-stop(0%, #0D0D0D));background: -moz-linear-gradient(top,#0D0D0D 0%);background: -webkit-linear-gradient(top,#0D0D0D 0%);background: -o-linear-gradient(top,#0D0D0D 0%);background: -ms-linear-gradient(top,#0D0D0D 0%);background:&#8230;<\/p>\n","protected":false},"author":2,"featured_media":5275,"parent":0,"menu_order":0,"comment_status":"closed","ping_status":"closed","template":"","meta":{"footnotes":""},"class_list":["post-6221","page","type-page","status-publish","has-post-thumbnail"],"yoast_head":"<!-- This site is optimized with the Yoast SEO plugin v20.0 - https:\/\/yoast.com\/wordpress\/plugins\/seo\/ -->\n<title>Kariyer | Marker Investment<\/title>\n<meta name=\"description\" content=\"L\u00fcks gayrimenkul pazarlama konusunda iddial\u0131ysan\u0131z, Marker Investment ekibine kat\u0131lmak i\u00e7in bize \u00f6zge\u00e7mi\u015finizi g\u00f6nderin.\" \/>\n<meta name=\"robots\" content=\"index, follow, max-snippet:-1, max-image-preview:large, max-video-preview:-1\" \/>\n<link rel=\"canonical\" href=\"https:\/\/www.investmentmarker.com\/?page_id=6221&lang=tr\" \/>\n<meta property=\"og:locale\" content=\"en_US\" \/>\n<meta property=\"og:type\" content=\"article\" \/>\n<meta property=\"og:title\" content=\"Kariyer | Marker Investment\" \/>\n<meta property=\"og:description\" content=\"L\u00fcks gayrimenkul pazarlama konusunda iddial\u0131ysan\u0131z, Marker Investment ekibine kat\u0131lmak i\u00e7in bize \u00f6zge\u00e7mi\u015finizi g\u00f6nderin.\" \/>\n<meta property=\"og:url\" content=\"https:\/\/www.investmentmarker.com\/?page_id=6221&amp;lang=tr\" \/>\n<meta property=\"og:site_name\" content=\"Marker Investment\" \/>\n<meta property=\"article:modified_time\" content=\"2023-06-21T19:35:07+00:00\" \/>\n<meta property=\"og:image\" content=\"https:\/\/www.investmentmarker.com\/wp-content\/uploads\/2023\/01\/2000x2000.jpg\" \/>\n\t<meta property=\"og:image:width\" content=\"2000\" \/>\n\t<meta property=\"og:image:height\" content=\"2000\" \/>\n\t<meta property=\"og:image:type\" content=\"image\/jpeg\" \/>\n<meta name=\"twitter:card\" content=\"summary_large_image\" \/>\n<meta name=\"twitter:label1\" content=\"Est. reading time\" \/>\n\t<meta name=\"twitter:data1\" content=\"1 minute\" \/>\n<script type=\"application\/ld+json\" class=\"yoast-schema-graph\">{\"@context\":\"https:\/\/schema.org\",\"@graph\":[{\"@type\":\"WebPage\",\"@id\":\"https:\/\/www.investmentmarker.com\/?page_id=6221&lang=tr\",\"url\":\"https:\/\/www.investmentmarker.com\/?page_id=6221&lang=tr\",\"name\":\"Kariyer | Marker Investment\",\"isPartOf\":{\"@id\":\"https:\/\/www.investmentmarker.com\/#website\"},\"datePublished\":\"2023-01-07T07:22:39+00:00\",\"dateModified\":\"2023-06-21T19:35:07+00:00\",\"description\":\"L\u00fcks gayrimenkul pazarlama konusunda iddial\u0131ysan\u0131z, Marker Investment ekibine kat\u0131lmak i\u00e7in bize \u00f6zge\u00e7mi\u015finizi g\u00f6nderin.\",\"breadcrumb\":{\"@id\":\"https:\/\/www.investmentmarker.com\/?page_id=6221&lang=tr#breadcrumb\"},\"inLanguage\":\"en-US\",\"potentialAction\":[{\"@type\":\"ReadAction\",\"target\":[\"https:\/\/www.investmentmarker.com\/?page_id=6221&lang=tr\"]}]},{\"@type\":\"BreadcrumbList\",\"@id\":\"https:\/\/www.investmentmarker.com\/?page_id=6221&lang=tr#breadcrumb\",\"itemListElement\":[{\"@type\":\"ListItem\",\"position\":1,\"name\":\"Anasayfa\",\"item\":\"https:\/\/www.investmentmarker.com\/\"},{\"@type\":\"ListItem\",\"position\":2,\"name\":\"Kariyer\"}]},{\"@type\":\"WebSite\",\"@id\":\"https:\/\/www.investmentmarker.com\/#website\",\"url\":\"https:\/\/www.investmentmarker.com\/\",\"name\":\"Marker Investment\",\"description\":\"Investment In The Future\",\"publisher\":{\"@id\":\"https:\/\/www.investmentmarker.com\/#organization\"},\"potentialAction\":[{\"@type\":\"SearchAction\",\"target\":{\"@type\":\"EntryPoint\",\"urlTemplate\":\"https:\/\/www.investmentmarker.com\/?s={search_term_string}\"},\"query-input\":\"required name=search_term_string\"}],\"inLanguage\":\"en-US\"},{\"@type\":\"Organization\",\"@id\":\"https:\/\/www.investmentmarker.com\/#organization\",\"name\":\"Marker Investment\",\"url\":\"https:\/\/www.investmentmarker.com\/\",\"logo\":{\"@type\":\"ImageObject\",\"inLanguage\":\"en-US\",\"@id\":\"https:\/\/www.investmentmarker.com\/#\/schema\/logo\/image\/\",\"url\":\"https:\/\/www.investmentmarker.com\/wp-content\/uploads\/2022\/10\/500.png\",\"contentUrl\":\"https:\/\/www.investmentmarker.com\/wp-content\/uploads\/2022\/10\/500.png\",\"width\":500,\"height\":141,\"caption\":\"Marker Investment\"},\"image\":{\"@id\":\"https:\/\/www.investmentmarker.com\/#\/schema\/logo\/image\/\"}}]}<\/script>\n<!-- \/ Yoast SEO plugin. -->","yoast_head_json":{"title":"Kariyer | Marker Investment","description":"L\u00fcks gayrimenkul pazarlama konusunda iddial\u0131ysan\u0131z, Marker Investment ekibine kat\u0131lmak i\u00e7in bize \u00f6zge\u00e7mi\u015finizi g\u00f6nderin.","robots":{"index":"index","follow":"follow","max-snippet":"max-snippet:-1","max-image-preview":"max-image-preview:large","max-video-preview":"max-video-preview:-1"},"canonical":"https:\/\/www.investmentmarker.com\/?page_id=6221&lang=tr","og_locale":"en_US","og_type":"article","og_title":"Kariyer | Marker Investment","og_description":"L\u00fcks gayrimenkul pazarlama konusunda iddial\u0131ysan\u0131z, Marker Investment ekibine kat\u0131lmak i\u00e7in bize \u00f6zge\u00e7mi\u015finizi g\u00f6nderin.","og_url":"https:\/\/www.investmentmarker.com\/?page_id=6221&lang=tr","og_site_name":"Marker Investment","article_modified_time":"2023-06-21T19:35:07+00:00","og_image":[{"width":2000,"height":2000,"url":"https:\/\/www.investmentmarker.com\/wp-content\/uploads\/2023\/01\/2000x2000.jpg","type":"image\/jpeg"}],"twitter_card":"summary_large_image","twitter_misc":{"Est. reading time":"1 minute"},"schema":{"@context":"https:\/\/schema.org","@graph":[{"@type":"WebPage","@id":"https:\/\/www.investmentmarker.com\/?page_id=6221&lang=tr","url":"https:\/\/www.investmentmarker.com\/?page_id=6221&lang=tr","name":"Kariyer | Marker Investment","isPartOf":{"@id":"https:\/\/www.investmentmarker.com\/#website"},"datePublished":"2023-01-07T07:22:39+00:00","dateModified":"2023-06-21T19:35:07+00:00","description":"L\u00fcks gayrimenkul pazarlama konusunda iddial\u0131ysan\u0131z, Marker Investment ekibine kat\u0131lmak i\u00e7in bize \u00f6zge\u00e7mi\u015finizi g\u00f6nderin.","breadcrumb":{"@id":"https:\/\/www.investmentmarker.com\/?page_id=6221&lang=tr#breadcrumb"},"inLanguage":"en-US","potentialAction":[{"@type":"ReadAction","target":["https:\/\/www.investmentmarker.com\/?page_id=6221&lang=tr"]}]},{"@type":"BreadcrumbList","@id":"https:\/\/www.investmentmarker.com\/?page_id=6221&lang=tr#breadcrumb","itemListElement":[{"@type":"ListItem","position":1,"name":"Anasayfa","item":"https:\/\/www.investmentmarker.com\/"},{"@type":"ListItem","position":2,"name":"Kariyer"}]},{"@type":"WebSite","@id":"https:\/\/www.investmentmarker.com\/#website","url":"https:\/\/www.investmentmarker.com\/","name":"Marker Investment","description":"Investment In The Future","publisher":{"@id":"https:\/\/www.investmentmarker.com\/#organization"},"potentialAction":[{"@type":"SearchAction","target":{"@type":"EntryPoint","urlTemplate":"https:\/\/www.investmentmarker.com\/?s={search_term_string}"},"query-input":"required name=search_term_string"}],"inLanguage":"en-US"},{"@type":"Organization","@id":"https:\/\/www.investmentmarker.com\/#organization","name":"Marker Investment","url":"https:\/\/www.investmentmarker.com\/","logo":{"@type":"ImageObject","inLanguage":"en-US","@id":"https:\/\/www.investmentmarker.com\/#\/schema\/logo\/image\/","url":"https:\/\/www.investmentmarker.com\/wp-content\/uploads\/2022\/10\/500.png","contentUrl":"https:\/\/www.investmentmarker.com\/wp-content\/uploads\/2022\/10\/500.png","width":500,"height":141,"caption":"Marker Investment"},"image":{"@id":"https:\/\/www.investmentmarker.com\/#\/schema\/logo\/image\/"}}]}},"_links":{"self":[{"href":"https:\/\/www.investmentmarker.com\/index.php?rest_route=\/wp\/v2\/pages\/6221","targetHints":{"allow":["GET"]}}],"collection":[{"href":"https:\/\/www.investmentmarker.com\/index.php?rest_route=\/wp\/v2\/pages"}],"about":[{"href":"https:\/\/www.investmentmarker.com\/index.php?rest_route=\/wp\/v2\/types\/page"}],"author":[{"embeddable":true,"href":"https:\/\/www.investmentmarker.com\/index.php?rest_route=\/wp\/v2\/users\/2"}],"replies":[{"embeddable":true,"href":"https:\/\/www.investmentmarker.com\/index.php?rest_route=%2Fwp%2Fv2%2Fcomments&post=6221"}],"version-history":[{"count":3,"href":"https:\/\/www.investmentmarker.com\/index.php?rest_route=\/wp\/v2\/pages\/6221\/revisions"}],"predecessor-version":[{"id":6225,"href":"https:\/\/www.investmentmarker.com\/index.php?rest_route=\/wp\/v2\/pages\/6221\/revisions\/6225"}],"wp:featuredmedia":[{"embeddable":true,"href":"https:\/\/www.investmentmarker.com\/index.php?rest_route=\/wp\/v2\/media\/5275"}],"wp:attachment":[{"href":"https:\/\/www.investmentmarker.com\/index.php?rest_route=%2Fwp%2Fv2%2Fmedia&parent=6221"}],"curies":[{"name":"wp","href":"https:\/\/api.w.org\/{rel}","templated":true}]}}