{"id":6214,"date":"2019-09-11T10:52:28","date_gmt":"2019-09-11T10:52:28","guid":{"rendered":"https:\/\/www.investmentmarker.com\/contact-2\/"},"modified":"2023-06-21T20:09:51","modified_gmt":"2023-06-21T20:09:51","slug":"iletisim","status":"publish","type":"page","link":"https:\/\/www.investmentmarker.com\/?page_id=6214&lang=tr","title":{"rendered":"\u0130leti\u015fim"},"content":{"rendered":"<section class=\"wpb-content-wrapper\"><p>[vc_row equal_height=&#8221;yes&#8221; css=&#8221;.vc_custom_1568198385316{margin-top: 0px !important;margin-bottom: 0px !important;padding-top: 60px !important;padding-bottom: 60px !important;}&#8221;][vc_column offset=&#8221;vc_col-lg-4&#8243;]<div class=\"lazy-loading\" data-ll-item-delay=\"0\"><div class=\"gem-textbox  lazy-loading-item\"  data-ll-effect=\"move-up\" ><div class=\"gem-textbox-inner\" style=\"\"><div class=\"gem-textbox-content\" style=\"background-color: #ffffff;background-position: center top;\"><div class=\"clearboth\"><\/div><style>#thegem-divider-69f0db6ca8e58 {margin-top: 41px !important;}<\/style><div id=\"thegem-divider-69f0db6ca8e58\" class=\"gem-divider  \" style=\"\" ><\/div><div class=\"centered-box\"><div class=\"gem-icon gem-icon-pack-material gem-icon-size-medium  gem-icon-shape-square gem-simple-icon\"  style=\"opacity: 1;\"><div class=\"gem-icon-inner\" style=\"\"><span class=\"gem-icon-half-1\" style=\"color: #00bcd4;\"><span class=\"back-angle\">&#xf3e4;<\/span><\/span><span class=\"gem-icon-half-2\" style=\"color: #00bcd4;\"><span class=\"back-angle\">&#xf3e4;<\/span><\/span><\/div><\/div><\/div><div class=\"clearboth\"><\/div><style>#thegem-divider-69f0db6ca8f73 {margin-top: 38px !important;}<\/style><div id=\"thegem-divider-69f0db6ca8f73\" class=\"gem-divider  \" style=\"\" ><\/div>[vc_column_text]<\/p>\n<div class=\"title-h5\" style=\"text-align: center;\"><span style=\"color: #000000;\">Merkez Ofis<\/span><\/div>\n<p>[\/vc_column_text]<div class=\"clearboth\"><\/div><style>#thegem-divider-69f0db6ca8fba {margin-top: 30px !important;}<\/style><div id=\"thegem-divider-69f0db6ca8fba\" class=\"gem-divider  \" style=\"\" ><\/div>[vc_column_text]<\/p>\n<p style=\"text-align: center;\"><span style=\"color: #000000;\">T\u00fcrkiye<\/span><br \/>\n<span style=\"color: #000000;\">Evliya \u00c7elebi, Sadi Konuralp Cd. 5\/2, 34433 Beyo\u011flu\/\u0130stanbul<\/span><\/p>\n<p>[\/vc_column_text]<div class=\"clearboth\"><\/div><style>#thegem-divider-69f0db6ca8ff8 {margin-top: 25px !important;}<\/style><div id=\"thegem-divider-69f0db6ca8ff8\" class=\"gem-divider  \" style=\"\" ><\/div><\/div><\/div><\/div><\/div>[\/vc_column][vc_column offset=&#8221;vc_col-lg-4&#8243;]<div class=\"lazy-loading\" data-ll-item-delay=\"0\"><div class=\"gem-textbox  lazy-loading-item\"  data-ll-effect=\"move-up\" ><div class=\"gem-textbox-inner\" style=\"\"><div class=\"gem-textbox-content\" style=\"background-color: #ffffff;background-position: center top;\"><div class=\"clearboth\"><\/div><style>#thegem-divider-69f0db6ca915b {margin-top: 41px !important;}<\/style><div id=\"thegem-divider-69f0db6ca915b\" class=\"gem-divider  \" style=\"\" ><\/div><div class=\"centered-box\"><div class=\"gem-icon gem-icon-pack-material gem-icon-size-medium  gem-icon-shape-square gem-simple-icon\"  style=\"opacity: 1;\"><div class=\"gem-icon-inner\" style=\"\"><span class=\"gem-icon-half-1\" style=\"color: #00bcd4;\"><span class=\"back-angle\">&#xf47b;<\/span><\/span><span class=\"gem-icon-half-2\" style=\"color: #00bcd4;\"><span class=\"back-angle\">&#xf47b;<\/span><\/span><\/div><\/div><\/div><div class=\"clearboth\"><\/div><style>#thegem-divider-69f0db6ca91a8 {margin-top: 38px !important;}<\/style><div id=\"thegem-divider-69f0db6ca91a8\" class=\"gem-divider  \" style=\"\" ><\/div>[vc_column_text]<\/p>\n<div class=\"title-h5\" style=\"text-align: center;\">\u0130leti\u015fim<\/div>\n<p>[\/vc_column_text]<div class=\"clearboth\"><\/div><style>#thegem-divider-69f0db6ca91c6 {margin-top: 30px !important;}<\/style><div id=\"thegem-divider-69f0db6ca91c6\" class=\"gem-divider  \" style=\"\" ><\/div>[vc_column_text]<\/p>\n<p style=\"text-align: center;\"><span style=\"color: #000000;\">Telefon: +90 553 732 84 90<br \/>\nE-mail: <a href=\"mailto:sales@investmentmarker.com\">sales@investmentmarker.com<\/a><br \/>\n<\/span><\/p>\n<p>[\/vc_column_text]<div class=\"clearboth\"><\/div><style>#thegem-divider-69f0db6ca91e0 {margin-top: 25px !important;}<\/style><div id=\"thegem-divider-69f0db6ca91e0\" class=\"gem-divider  \" style=\"\" ><\/div><\/div><\/div><\/div><\/div>[\/vc_column][vc_column offset=&#8221;vc_col-lg-4&#8243;]<div class=\"lazy-loading\" data-ll-item-delay=\"0\"><div class=\"gem-textbox  lazy-loading-item\"  data-ll-effect=\"move-up\" ><div class=\"gem-textbox-inner\" style=\"\"><div class=\"gem-textbox-content\" style=\"background-color: #ffffff;background-position: center top;\"><div class=\"clearboth\"><\/div><style>#thegem-divider-69f0db6ca9291 {margin-top: 41px !important;}<\/style><div id=\"thegem-divider-69f0db6ca9291\" class=\"gem-divider  \" style=\"\" ><\/div><div class=\"centered-box\"><div class=\"gem-icon gem-icon-pack-material gem-icon-size-medium  gem-icon-shape-square gem-simple-icon\"  style=\"opacity: 1;\"><div class=\"gem-icon-inner\" style=\"\"><span class=\"gem-icon-half-1\" style=\"color: #00bcd4;\"><span class=\"back-angle\">&#xf1ce;<\/span><\/span><span class=\"gem-icon-half-2\" style=\"color: #00bcd4;\"><span class=\"back-angle\">&#xf1ce;<\/span><\/span><\/div><\/div><\/div><div class=\"clearboth\"><\/div><style>#thegem-divider-69f0db6ca92d2 {margin-top: 38px !important;}<\/style><div id=\"thegem-divider-69f0db6ca92d2\" class=\"gem-divider  \" style=\"\" ><\/div>[vc_column_text]<\/p>\n<div class=\"title-h5\" style=\"text-align: center;\">\u00c7al\u0131\u015fma Saatleri<\/div>\n<p>[\/vc_column_text]<div class=\"clearboth\"><\/div><style>#thegem-divider-69f0db6ca92ee {margin-top: 30px !important;}<\/style><div id=\"thegem-divider-69f0db6ca92ee\" class=\"gem-divider  \" style=\"\" ><\/div>[vc_column_text]<\/p>\n<p style=\"text-align: center;\"><span style=\"color: #000000;\">Pazartesi &#8211; Cuma: 9:00 \u2013 18:00<\/span><br \/>\n<span style=\"color: #000000;\">Cumartesi: 11:00 \u2013 18:00<\/span><\/p>\n<p>[\/vc_column_text]<div class=\"clearboth\"><\/div><style>#thegem-divider-69f0db6ca9308 {margin-top: 25px !important;}<\/style><div id=\"thegem-divider-69f0db6ca9308\" class=\"gem-divider  \" style=\"\" ><\/div><\/div><\/div><\/div><\/div>[\/vc_column][\/vc_row][vc_row full_width=&#8221;stretch_row&#8221; css=&#8221;.vc_custom_1568200326932{margin-top: 0px !important;margin-bottom: 0px !important;padding-top: 0px !important;padding-bottom: 100px !important;}&#8221; el_class=&#8221;contact-info big-index&#8221;][vc_column offset=&#8221;vc_col-lg-6 vc_col-md-6&#8243;][\/vc_column][vc_column offset=&#8221;vc_col-lg-6 vc_col-md-6 vc_hidden-sm vc_hidden-xs&#8221;][\/vc_column][\/vc_row][vc_row full_width=&#8221;stretch_row_content_no_spaces&#8221; css=&#8221;.vc_custom_1568201620467{margin-top: 0px !important;margin-bottom: -30px !important;padding-top: 0px !important;padding-bottom: 0px !important;}&#8221; el_class=&#8221;small-index&#8221;][vc_column offset=&#8221;vc_hidden-lg vc_hidden-md&#8221;][\/vc_column][\/vc_row][vc_row full_width=&#8221;stretch_row&#8221; css=&#8221;.vc_custom_1668449760438{margin-top: 0px !important;margin-bottom: 0px !important;padding-top: 0px !important;padding-bottom: 0px !important;background-color: #ffffff !important;}&#8221; el_class=&#8221;vertical-teams&#8221;][vc_column][vc_row_inner][vc_column_inner][vc_column_text]<\/p>\n<h1><\/h1>\n<h4 style=\"text-align: center;\"><span style=\"color: #000000;\">Bize Bir Mesaj G\u00f6nder<\/span><\/h4>\n<div class=\"styled-subtitle\" style=\"text-align: center;\">\n<p>Hizmetlerimiz veya plan\u0131n\u0131zla ilgili sorunuzu veya geri bildirimlerinizi bize g\u00f6nderin, dan\u0131\u015fman\u0131m\u0131z sorunu \u00e7\u00f6zecektir. Fikirlerinize hizmet etmek i\u00e7in sab\u0131rs\u0131zlan\u0131yoruz!<\/p>\n<\/div>\n<p>[\/vc_column_text]\n<div class=\"wpcf7 no-js\" id=\"wpcf7-f6208-o1\" lang=\"en-US\" dir=\"ltr\">\n<div class=\"screen-reader-response\"><p role=\"status\" aria-live=\"polite\" aria-atomic=\"true\"><\/p> <ul><\/ul><\/div>\n<form action=\"\/index.php?rest_route=%2Fwp%2Fv2%2Fpages%2F6214#wpcf7-f6208-o1\" method=\"post\" class=\"wpcf7-form init demo\" aria-label=\"Contact form\" novalidate=\"novalidate\" data-status=\"init\">\n<div style=\"display: none;\">\n<input type=\"hidden\" name=\"_wpcf7\" value=\"6208\" \/>\n<input type=\"hidden\" name=\"_wpcf7_version\" value=\"5.7.3\" \/>\n<input type=\"hidden\" name=\"_wpcf7_locale\" value=\"en_US\" \/>\n<input type=\"hidden\" name=\"_wpcf7_unit_tag\" value=\"wpcf7-f6208-o1\" \/>\n<input type=\"hidden\" name=\"_wpcf7_container_post\" value=\"0\" \/>\n<input type=\"hidden\" name=\"_wpcf7_posted_data_hash\" value=\"\" \/>\n<\/div>\n<div class=\"contact-form\">\n\t<div class=\"col-lg-6 col-md-4 col-xs-12\">\n\t\t<div class=\"form-line gem-form-icon-name\">\n\t\t\t<p><span class=\"wpcf7-form-control-wrap\" data-name=\"your-name\"><input size=\"40\" class=\"wpcf7-form-control wpcf7-text wpcf7-validates-as-required\" aria-required=\"true\" aria-invalid=\"false\" placeholder=\"Ad Soyad\" value=\"\" type=\"text\" name=\"your-name\" \/><\/span>\n\t\t\t<\/p>\n\t\t<\/div>\n\t<\/div>\n\t<div class=\"col-lg-6 col-md-4 col-xs-12\">\n\t\t<div class=\"form-line gem-form-icon-email\">\n\t\t\t<p><span class=\"wpcf7-form-control-wrap\" data-name=\"your-email\"><input size=\"40\" class=\"wpcf7-form-control wpcf7-text wpcf7-email wpcf7-validates-as-required wpcf7-validates-as-email\" aria-required=\"true\" aria-invalid=\"false\" placeholder=\"Email\" value=\"\" type=\"email\" name=\"your-email\" \/><\/span>\n\t\t\t<\/p>\n\t\t<\/div>\n\t<\/div>\n\t<div class=\"col-lg-6 col-md-4 col-xs-12\">\n\t\t<div class=\"form-line gem-form-icon-phone\">\n\t\t\t<p><span class=\"wpcf7-form-control-wrap\" data-name=\"your-website\"><input size=\"40\" class=\"wpcf7-form-control wpcf7-text wpcf7-validates-as-required\" aria-required=\"true\" aria-invalid=\"false\" placeholder=\"Telefon Numaras\u0131\" value=\"\" type=\"text\" name=\"your-website\" \/><\/span>\n\t\t\t<\/p>\n\t\t<\/div>\n\t<\/div>\n\t<div class=\"col-lg-6 col-md-4 col-xs-12\">\n\t\t<div class=\"form-line\">\n\t\t\t<p><span class=\"wpcf7-form-control-wrap\" data-name=\"title\"><select class=\"wpcf7-form-control wpcf7-select gem-combobox\" aria-invalid=\"false\" name=\"title\"><option value=\"\">Yat\u0131r\u0131m T\u00fcr\u00fc<\/option><option value=\"Vatanda\u015fl\u0131k ve G\u00f6\u00e7menlik\">Vatanda\u015fl\u0131k ve G\u00f6\u00e7menlik<\/option><option value=\"L\u00fcx Gayrimenkul\">L\u00fcx Gayrimenkul<\/option><option value=\"Ticari Gayrimenkul\">Ticari Gayrimenkul<\/option><option value=\"L\u00fcx Yat\u0131r\u0131m\">L\u00fcx Yat\u0131r\u0131m<\/option><option value=\"Araziler\">Araziler<\/option><\/select><\/span>\n\t\t\t<\/p>\n\t\t<\/div>\n\t<\/div>\n\t<div class=\"form-line col-lg-12 col-md-12 col-xs-12\">\n\t\t<p><span class=\"wpcf7-form-control-wrap\" data-name=\"your-message\"><textarea cols=\"40\" rows=\"10\" class=\"wpcf7-form-control wpcf7-textarea wpcf7-validates-as-required\" aria-required=\"true\" aria-invalid=\"false\" placeholder=\"Mesaj\u0131n\u0131z\" name=\"your-message\"><\/textarea><\/span>\n\t\t<\/p>\n\t<\/div>\n\t<div class=\"asas col-lg-12 col-md-12 col-xs-12\">\n\t\t<div id=\"cf7sr-69f0db6caac50\" class=\"cf7sr-g-recaptcha\" data-sitekey=\"6LffowwsAAAAAAb5TBauegy-6sgjPHttlAZg5IJN\"><\/div><span class=\"wpcf7-form-control-wrap cf7sr-recaptcha\" data-name=\"cf7sr-recaptcha\"><input type=\"hidden\" name=\"cf7sr-recaptcha\" value=\"\" class=\"wpcf7-form-control\"><\/span>\n\t\t<\/p>\n\t<\/div>\n\t<p><span class=\"wpcf7-form-control-wrap\" data-name=\"acceptance-545\"><span class=\"wpcf7-form-control wpcf7-acceptance\"><span class=\"wpcf7-list-item\"><label><input type=\"checkbox\" name=\"acceptance-545\" value=\"1\" aria-invalid=\"false\" \/><span class=\"wpcf7-list-item-label\">Verilerimin <a href=\"https:\/\/www.investmentmarker.com\/tr\/gizlilik-politikasi\/\">gizlilik politikas\u0131na<\/a> g\u00f6re kullan\u0131lmas\u0131n\u0131 kabul ediyorum.<\/span><\/label><\/span><\/span><\/span>\n\t<\/p>\n\t<div class=\"col-lg-12 col-md-12 col-xs-12\">\n\t\t<p><input class=\"wpcf7-form-control has-spinner wpcf7-submit\" type=\"submit\" value=\"Mesaj\u0131 G\u00f6nder\" \/>\n\t\t<\/p>\n\t<\/div>\n<\/div><div class=\"wpcf7-response-output\" aria-hidden=\"true\"><\/div>\n<\/form>\n<\/div>\n[\/vc_column_inner][\/vc_row_inner][\/vc_column][\/vc_row]<\/p>\n<\/section>","protected":false},"excerpt":{"rendered":"<p>[vc_row equal_height=&#8221;yes&#8221; css=&#8221;.vc_custom_1568198385316{margin-top: 0px !important;margin-bottom: 0px !important;padding-top: 60px !important;padding-bottom: 60px !important;}&#8221;][vc_column offset=&#8221;vc_col-lg-4&#8243;][\/vc_column][vc_column offset=&#8221;vc_col-lg-4&#8243;][\/vc_column][vc_column offset=&#8221;vc_col-lg-4&#8243;][\/vc_column][\/vc_row][vc_row full_width=&#8221;stretch_row&#8221; css=&#8221;.vc_custom_1568200326932{margin-top: 0px !important;margin-bottom: 0px !important;padding-top:&#8230;<\/p>\n","protected":false},"author":2,"featured_media":6215,"parent":0,"menu_order":0,"comment_status":"closed","ping_status":"closed","template":"","meta":{"footnotes":""},"class_list":["post-6214","page","type-page","status-publish","has-post-thumbnail"],"yoast_head":"<!-- This site is optimized with the Yoast SEO plugin v20.0 - https:\/\/yoast.com\/wordpress\/plugins\/seo\/ -->\n<title>\u0130leti\u015fim | Marker Investment<\/title>\n<meta name=\"description\" content=\"Projeler hakk\u0131nda daha fazla bilgi almak i\u00e7in bizimle ileti\u015fime ge\u00e7in. Marker Investment ile yat\u0131r\u0131mlar\u0131n\u0131z\u0131 gelece\u011fe ta\u015f\u0131y\u0131n..\" \/>\n<meta name=\"robots\" content=\"index, follow, max-snippet:-1, max-image-preview:large, max-video-preview:-1\" \/>\n<link rel=\"canonical\" href=\"https:\/\/www.investmentmarker.com\/?page_id=6214&lang=tr\" \/>\n<meta property=\"og:locale\" content=\"en_US\" \/>\n<meta property=\"og:type\" content=\"article\" \/>\n<meta property=\"og:title\" content=\"\u0130leti\u015fim | Marker Investment\" \/>\n<meta property=\"og:description\" content=\"Projeler hakk\u0131nda daha fazla bilgi almak i\u00e7in bizimle ileti\u015fime ge\u00e7in. Marker Investment ile yat\u0131r\u0131mlar\u0131n\u0131z\u0131 gelece\u011fe ta\u015f\u0131y\u0131n..\" \/>\n<meta property=\"og:url\" content=\"https:\/\/www.investmentmarker.com\/?page_id=6214&amp;lang=tr\" \/>\n<meta property=\"og:site_name\" content=\"Marker Investment\" \/>\n<meta property=\"article:modified_time\" content=\"2023-06-21T20:09:51+00:00\" \/>\n<meta property=\"og:image\" content=\"https:\/\/www.investmentmarker.com\/wp-content\/uploads\/2019\/09\/2000x2000.jpg\" \/>\n\t<meta property=\"og:image:width\" content=\"2000\" \/>\n\t<meta property=\"og:image:height\" content=\"2000\" \/>\n\t<meta property=\"og:image:type\" content=\"image\/jpeg\" \/>\n<meta name=\"twitter:card\" content=\"summary_large_image\" \/>\n<meta name=\"twitter:label1\" content=\"Est. reading time\" \/>\n\t<meta name=\"twitter:data1\" content=\"1 minute\" \/>\n<script type=\"application\/ld+json\" class=\"yoast-schema-graph\">{\"@context\":\"https:\/\/schema.org\",\"@graph\":[{\"@type\":\"WebPage\",\"@id\":\"https:\/\/www.investmentmarker.com\/?page_id=6214&lang=tr\",\"url\":\"https:\/\/www.investmentmarker.com\/?page_id=6214&lang=tr\",\"name\":\"\u0130leti\u015fim | Marker Investment\",\"isPartOf\":{\"@id\":\"https:\/\/www.investmentmarker.com\/#website\"},\"datePublished\":\"2019-09-11T10:52:28+00:00\",\"dateModified\":\"2023-06-21T20:09:51+00:00\",\"description\":\"Projeler hakk\u0131nda daha fazla bilgi almak i\u00e7in bizimle ileti\u015fime ge\u00e7in. Marker Investment ile yat\u0131r\u0131mlar\u0131n\u0131z\u0131 gelece\u011fe ta\u015f\u0131y\u0131n..\",\"breadcrumb\":{\"@id\":\"https:\/\/www.investmentmarker.com\/?page_id=6214&lang=tr#breadcrumb\"},\"inLanguage\":\"en-US\",\"potentialAction\":[{\"@type\":\"ReadAction\",\"target\":[\"https:\/\/www.investmentmarker.com\/?page_id=6214&lang=tr\"]}]},{\"@type\":\"BreadcrumbList\",\"@id\":\"https:\/\/www.investmentmarker.com\/?page_id=6214&lang=tr#breadcrumb\",\"itemListElement\":[{\"@type\":\"ListItem\",\"position\":1,\"name\":\"Anasayfa\",\"item\":\"https:\/\/www.investmentmarker.com\/\"},{\"@type\":\"ListItem\",\"position\":2,\"name\":\"\u0130leti\u015fim\"}]},{\"@type\":\"WebSite\",\"@id\":\"https:\/\/www.investmentmarker.com\/#website\",\"url\":\"https:\/\/www.investmentmarker.com\/\",\"name\":\"Marker Investment\",\"description\":\"Investment In The Future\",\"publisher\":{\"@id\":\"https:\/\/www.investmentmarker.com\/#organization\"},\"potentialAction\":[{\"@type\":\"SearchAction\",\"target\":{\"@type\":\"EntryPoint\",\"urlTemplate\":\"https:\/\/www.investmentmarker.com\/?s={search_term_string}\"},\"query-input\":\"required name=search_term_string\"}],\"inLanguage\":\"en-US\"},{\"@type\":\"Organization\",\"@id\":\"https:\/\/www.investmentmarker.com\/#organization\",\"name\":\"Marker Investment\",\"url\":\"https:\/\/www.investmentmarker.com\/\",\"logo\":{\"@type\":\"ImageObject\",\"inLanguage\":\"en-US\",\"@id\":\"https:\/\/www.investmentmarker.com\/#\/schema\/logo\/image\/\",\"url\":\"https:\/\/www.investmentmarker.com\/wp-content\/uploads\/2022\/10\/500.png\",\"contentUrl\":\"https:\/\/www.investmentmarker.com\/wp-content\/uploads\/2022\/10\/500.png\",\"width\":500,\"height\":141,\"caption\":\"Marker Investment\"},\"image\":{\"@id\":\"https:\/\/www.investmentmarker.com\/#\/schema\/logo\/image\/\"}}]}<\/script>\n<!-- \/ Yoast SEO plugin. -->","yoast_head_json":{"title":"\u0130leti\u015fim | Marker Investment","description":"Projeler hakk\u0131nda daha fazla bilgi almak i\u00e7in bizimle ileti\u015fime ge\u00e7in. Marker Investment ile yat\u0131r\u0131mlar\u0131n\u0131z\u0131 gelece\u011fe ta\u015f\u0131y\u0131n..","robots":{"index":"index","follow":"follow","max-snippet":"max-snippet:-1","max-image-preview":"max-image-preview:large","max-video-preview":"max-video-preview:-1"},"canonical":"https:\/\/www.investmentmarker.com\/?page_id=6214&lang=tr","og_locale":"en_US","og_type":"article","og_title":"\u0130leti\u015fim | Marker Investment","og_description":"Projeler hakk\u0131nda daha fazla bilgi almak i\u00e7in bizimle ileti\u015fime ge\u00e7in. Marker Investment ile yat\u0131r\u0131mlar\u0131n\u0131z\u0131 gelece\u011fe ta\u015f\u0131y\u0131n..","og_url":"https:\/\/www.investmentmarker.com\/?page_id=6214&lang=tr","og_site_name":"Marker Investment","article_modified_time":"2023-06-21T20:09:51+00:00","og_image":[{"width":2000,"height":2000,"url":"https:\/\/www.investmentmarker.com\/wp-content\/uploads\/2019\/09\/2000x2000.jpg","type":"image\/jpeg"}],"twitter_card":"summary_large_image","twitter_misc":{"Est. reading time":"1 minute"},"schema":{"@context":"https:\/\/schema.org","@graph":[{"@type":"WebPage","@id":"https:\/\/www.investmentmarker.com\/?page_id=6214&lang=tr","url":"https:\/\/www.investmentmarker.com\/?page_id=6214&lang=tr","name":"\u0130leti\u015fim | Marker Investment","isPartOf":{"@id":"https:\/\/www.investmentmarker.com\/#website"},"datePublished":"2019-09-11T10:52:28+00:00","dateModified":"2023-06-21T20:09:51+00:00","description":"Projeler hakk\u0131nda daha fazla bilgi almak i\u00e7in bizimle ileti\u015fime ge\u00e7in. Marker Investment ile yat\u0131r\u0131mlar\u0131n\u0131z\u0131 gelece\u011fe ta\u015f\u0131y\u0131n..","breadcrumb":{"@id":"https:\/\/www.investmentmarker.com\/?page_id=6214&lang=tr#breadcrumb"},"inLanguage":"en-US","potentialAction":[{"@type":"ReadAction","target":["https:\/\/www.investmentmarker.com\/?page_id=6214&lang=tr"]}]},{"@type":"BreadcrumbList","@id":"https:\/\/www.investmentmarker.com\/?page_id=6214&lang=tr#breadcrumb","itemListElement":[{"@type":"ListItem","position":1,"name":"Anasayfa","item":"https:\/\/www.investmentmarker.com\/"},{"@type":"ListItem","position":2,"name":"\u0130leti\u015fim"}]},{"@type":"WebSite","@id":"https:\/\/www.investmentmarker.com\/#website","url":"https:\/\/www.investmentmarker.com\/","name":"Marker Investment","description":"Investment In The Future","publisher":{"@id":"https:\/\/www.investmentmarker.com\/#organization"},"potentialAction":[{"@type":"SearchAction","target":{"@type":"EntryPoint","urlTemplate":"https:\/\/www.investmentmarker.com\/?s={search_term_string}"},"query-input":"required name=search_term_string"}],"inLanguage":"en-US"},{"@type":"Organization","@id":"https:\/\/www.investmentmarker.com\/#organization","name":"Marker Investment","url":"https:\/\/www.investmentmarker.com\/","logo":{"@type":"ImageObject","inLanguage":"en-US","@id":"https:\/\/www.investmentmarker.com\/#\/schema\/logo\/image\/","url":"https:\/\/www.investmentmarker.com\/wp-content\/uploads\/2022\/10\/500.png","contentUrl":"https:\/\/www.investmentmarker.com\/wp-content\/uploads\/2022\/10\/500.png","width":500,"height":141,"caption":"Marker Investment"},"image":{"@id":"https:\/\/www.investmentmarker.com\/#\/schema\/logo\/image\/"}}]}},"_links":{"self":[{"href":"https:\/\/www.investmentmarker.com\/index.php?rest_route=\/wp\/v2\/pages\/6214","targetHints":{"allow":["GET"]}}],"collection":[{"href":"https:\/\/www.investmentmarker.com\/index.php?rest_route=\/wp\/v2\/pages"}],"about":[{"href":"https:\/\/www.investmentmarker.com\/index.php?rest_route=\/wp\/v2\/types\/page"}],"author":[{"embeddable":true,"href":"https:\/\/www.investmentmarker.com\/index.php?rest_route=\/wp\/v2\/users\/2"}],"replies":[{"embeddable":true,"href":"https:\/\/www.investmentmarker.com\/index.php?rest_route=%2Fwp%2Fv2%2Fcomments&post=6214"}],"version-history":[{"count":2,"href":"https:\/\/www.investmentmarker.com\/index.php?rest_route=\/wp\/v2\/pages\/6214\/revisions"}],"predecessor-version":[{"id":6218,"href":"https:\/\/www.investmentmarker.com\/index.php?rest_route=\/wp\/v2\/pages\/6214\/revisions\/6218"}],"wp:featuredmedia":[{"embeddable":true,"href":"https:\/\/www.investmentmarker.com\/index.php?rest_route=\/wp\/v2\/media\/6215"}],"wp:attachment":[{"href":"https:\/\/www.investmentmarker.com\/index.php?rest_route=%2Fwp%2Fv2%2Fmedia&parent=6214"}],"curies":[{"name":"wp","href":"https:\/\/api.w.org\/{rel}","templated":true}]}}